{"id":3391,"date":"2022-07-27T09:12:30","date_gmt":"2022-07-27T09:12:30","guid":{"rendered":"https:\/\/lisdatasolutions.sidnpre.com\/?page_id=3391"},"modified":"2025-06-10T22:30:34","modified_gmt":"2025-06-10T20:30:34","slug":"politica-de-cookies","status":"publish","type":"page","link":"https:\/\/www.lisdatasolutions.com\/es\/politica-de-cookies\/","title":{"rendered":"Pol\u00edtica de Cookies"},"content":{"rendered":"<h2>Nuestra p\u00e1gina web usa cookies<\/h2>\n<p>Nuestra p\u00e1gina web, utiliza cookies -propias y de terceros- para <strong>garantizar el funcionamiento de nuestro sitio web<\/strong>, para mostrarte contenidos personalizados y anuncios adecuados, para medir y obtener datos estad\u00edsticos de la navegaci\u00f3n de los usuarios y mejorar y desarrollar productos.<\/p>\n<p>Aqu\u00ed; vas a encontrar <strong>informaci\u00f3n sobre las cookies<\/strong> y sobre <strong>c\u00f3mo gestionarlas<\/strong>, y especialmente si deseas eliminarlas o bloquearlas.<\/p>\n<h2>\u00bfQu\u00e9 es una cookie?<\/h2>\n<p>Las cookies son<strong> peque\u00f1os archivos que se almacenan en los equipos<\/strong> -Ordenador, Tablet, Smartphone- desde los que navegas. Son elementos t\u00e9cnicos, que sirven para almacenar datos y transmitir informaci\u00f3n a la entidad responsable de su instalaci\u00f3n.<\/p>\n<p>Con ellas podemos r<strong>ecoger informaci\u00f3n relativa a aspectos de tu navegaci\u00f3n<\/strong> (visita, tipo de\u00a0navegador, localizaci\u00f3n, origen y enlaces visitados, hora de llegada a la web\u2026), pero tambi\u00e9n\u00a0vamos a poder <strong>individualizar tu visita<\/strong>, con la identificaci\u00f3n de la sesi\u00f3n.<\/p>\n<p>Por lo tanto, las cookies son <strong>esenciales para el funcionamiento de Internet<\/strong>, y en ning\u00fan caso suponen un riesgo para tu equipo o tu dispositivo. Es m\u00e1s, pueden ayudarnos a reconocer la necesidad de mejoras en partes del Sitio web y a detectar errores de funcionamiento.<\/p>\n<h2><strong>Tipos de Cookies<\/strong><\/h2>\n<p>Las cookies pueden ser\u00a0<strong>propias<\/strong>\u00a0(se env\u00edan al terminal del usuario desde el dominio del editor que presta el servicio al usuario) o de\u00a0<strong>terceros<\/strong>\u00a0(se env\u00edan al terminal del usuario por un tercero diferente al editor del dominio que presta el servicio al usuario). Seg\u00fan su permanencia pueden ser de\u00a0<strong>sesi\u00f3n<\/strong>\u00a0(sirven para recabar y almacenar datos mientras el usuario accede a una web, y se eliminan del navegador al finalizar la sesi\u00f3n o cerrar el navegador) o\u00a0<strong>persistentes<\/strong>\u00a0(se mantienen los datos en el dispositivo durante un tiempo definido por el responsable, llegando incluso a varios a\u00f1os.)<\/p>\n<p>A la vez, pueden ser de tipo\u00a0<strong>t\u00e9cnico<\/strong>\u00a0(permiten al usuario la navegaci\u00f3n a trav\u00e9s de una p\u00e1gina web, plataforma o aplicaci\u00f3n, y la utilizaci\u00f3n de las diferentes opciones o servicios que en ella existan), para la\u00a0<strong>personalizaci\u00f3n\u00a0<\/strong>de la visita (permiten al usuario acceder al servicio con algunas caracter\u00edsticas de car\u00e1cter general predefinidas, en funci\u00f3n de una serie de criterios en el terminal del usuario),\u00a0de\u00a0<strong>an\u00e1lisis<\/strong>\u00a0(permiten al responsable de las mismas, el seguimiento y an\u00e1lisis del comportamiento de los usuarios de los sitios web a los que est\u00e1n vinculadas, empleando esta informaci\u00f3n en la medici\u00f3n de la actividad de los sitios web y para la elaboraci\u00f3n de perfiles de navegaci\u00f3n de los usuarios) o\u00a0de\u00a0<strong>publicidad\u00a0<\/strong>(permiten la gesti\u00f3n de espacios publicitarios que el editor puede incluir en una p\u00e1gina web).<\/p>\n<h2><strong>\u00bfQu\u00e9 Cookies usamos?<\/strong><\/h2>\n<div class=\"section-table\">\n<table style=\"height: 616px;\" width=\"1222\">\n<tbody>\n<tr>\n<td style=\"text-align: center;\" width=\"123\"><strong>Nombre<\/strong><\/td>\n<td style=\"text-align: center;\" width=\"123\"><strong>Categor\u00eda<\/strong><\/td>\n<td style=\"text-align: center;\" width=\"76\"><strong>Propiedad<\/strong><\/td>\n<td style=\"text-align: center;\" width=\"166\"><strong>Finalidad<\/strong><\/td>\n<td style=\"text-align: center;\" width=\"80\"><strong>Duraci\u00f3n<\/strong><\/td>\n<\/tr>\n<tr>\n<td style=\"text-align: center;\" width=\"123\">_Ga<\/td>\n<td style=\"text-align: center;\" width=\"123\">An\u00e1lisis<\/td>\n<td style=\"text-align: center;\" width=\"76\">Tercero<\/td>\n<td style=\"text-align: center;\" width=\"166\">Cookie utilizada para la distinci\u00f3n de usuarios \u00fanicos en Google Analytics.<\/td>\n<td style=\"text-align: center;\" width=\"80\">2 a\u00f1os<\/td>\n<\/tr>\n<tr>\n<td style=\"text-align: center;\" width=\"123\">_GAT<\/td>\n<td style=\"text-align: center;\" width=\"123\">An\u00e1lisis<\/td>\n<td style=\"text-align: center;\" width=\"76\">Tercero<\/td>\n<td style=\"text-align: center;\" width=\"166\">Cookie de Google Analytics que proporciona datos sobre las visitas \u00fanicas del navegador a nuestro sitio web.<\/td>\n<td style=\"text-align: center;\" width=\"80\">24 horas<\/td>\n<\/tr>\n<tr>\n<td style=\"text-align: center;\" width=\"123\">_gid<\/td>\n<td style=\"text-align: center;\" width=\"123\">An\u00e1lisis<\/td>\n<td style=\"text-align: center;\" width=\"76\">Tercero<\/td>\n<td style=\"text-align: center;\" width=\"166\">Cookie de Google Analytics usada para distinguir sesiones de usuario<\/td>\n<td style=\"text-align: center;\" width=\"80\">24 horas<\/td>\n<\/tr>\n<tr>\n<td style=\"text-align: center;\" width=\"123\">_gcl_au<\/td>\n<td style=\"text-align: center;\" width=\"123\">An\u00e1lisis<\/td>\n<td style=\"text-align: center;\" width=\"76\">Tercero<\/td>\n<td style=\"text-align: center;\" width=\"166\">Utilizado por Google AdSense para experimentar con la eficiencia publicitaria en los sitios web que utilizan sus servicios<\/td>\n<td style=\"text-align: center;\" width=\"80\">3 meses<\/td>\n<\/tr>\n<tr>\n<td style=\"text-align: center;\" width=\"123\">Hotjar<\/td>\n<td style=\"text-align: center;\" width=\"123\">An\u00e1lisis<\/td>\n<td style=\"text-align: center;\" width=\"76\">Tercero<\/td>\n<td style=\"text-align: center;\" width=\"166\">Puede consultar m\u00e1s informaci\u00f3n sobre las cookies de Hotjar en este\u00a0<a href=\"https:\/\/help.hotjar.com\/hc\/en-us\/articles\/115011789248-Hotjar-Cookie-Information\" rel=\"noopener\">enlace<\/a><\/td>\n<\/tr>\n<tr>\n<td style=\"text-align: center;\" width=\"123\">_hjid<\/td>\n<td style=\"text-align: center;\" width=\"123\">An\u00e1lisis<\/td>\n<td style=\"text-align: center;\" width=\"76\">Tercero<\/td>\n<td style=\"text-align: center;\" width=\"166\">Se utiliza para mantener la Id. del usuario de Hotjar, permitiendo al sitio web obtener datos sobre el comportamiento de los visitantes con fines estad\u00edsticos.<\/td>\n<td style=\"text-align: center;\" width=\"80\">1 a\u00f1o<\/td>\n<\/tr>\n<tr>\n<td style=\"text-align: center;\" width=\"123\">PHPSESSID<\/td>\n<td style=\"text-align: center;\" width=\"123\">T\u00e9cnica<\/td>\n<td style=\"text-align: center;\" width=\"76\">Propia<\/td>\n<td style=\"text-align: center;\" width=\"166\">Se utilizan para identificar y autenticar al usuario. Contiene adem\u00e1s datos t\u00e9cnicos de la sesi\u00f3n de usuario como, por ejemplo, tiempo de espera de conexi\u00f3n, identificador de sesi\u00f3n, etc<\/td>\n<td style=\"text-align: center;\" width=\"80\">Sesi\u00f3n<\/td>\n<\/tr>\n<tr>\n<td style=\"text-align: center;\" width=\"123\">lsw_default_lang<\/td>\n<td style=\"text-align: center;\" width=\"123\">T\u00e9cnica<\/td>\n<td style=\"text-align: center;\" width=\"76\">Propia<\/td>\n<td style=\"text-align: center;\" width=\"166\">Permite guardar informaci\u00f3n sobre el idioma definido en el sitio web<\/td>\n<td style=\"text-align: center;\" width=\"80\">Sesi\u00f3n<\/td>\n<\/tr>\n<tr>\n<td style=\"text-align: center;\" width=\"123\">lsw_main_lang<\/td>\n<td style=\"text-align: center;\" width=\"123\">T\u00e9cnica<\/td>\n<td style=\"text-align: center;\" width=\"76\">Propia<\/td>\n<td style=\"text-align: center;\" width=\"166\">Permite guardar informaci\u00f3n sobre el idioma definido por el usuario en el sitio web<\/td>\n<td style=\"text-align: center;\" width=\"80\">Sesi\u00f3n<\/td>\n<\/tr>\n<\/tbody>\n<\/table>\n<\/div>\n<p>Cualquier cambio o actualizaci\u00f3n, ser\u00e1 informado a todo usuario web, mediante avisos en nuestra p\u00e1gina web. Adem\u00e1s, puedes informarte de las transferencias a terceros pa\u00edses que, en su caso, realizan los terceros identificados en esta pol\u00edtica de cookies en sus correspondientes pol\u00edticas, a la cuales te facilitamos los enlaces correspondientes:<\/p>\n<p>Cookies \u201cGoogle Analytics\u201d: Puedes acceder a m\u00e1s informaci\u00f3n pulsando\u00a0<a href=\"https:\/\/support.google.com\/analytics\/answer\/6004245?hl=es&amp;ref_topic=2919631\" rel=\"noopener\">aqu\u00ed.<\/a><\/p>\n<p>Cookies \u201cHotjar\u201d: Puedes acceder a m\u00e1s informaci\u00f3n pulsando\u00a0<a href=\"https:\/\/help.hotjar.com\/hc\/en-us\/articles\/115011789248-Hotjar-Cookie-Information\" rel=\"noopener\">aqu\u00ed.<\/a><\/p>\n<p><strong>\u00bfAceptas nuestras cookies?<\/strong><\/p>\n<p>Cuando se accede a la p\u00e1gina web, se visualiza un banner inicial informando sobre la existencia de cookies. Este banner aparecer\u00e1 siempre que sea necesario, y al acceder a la Pol\u00edtica de Cookies. Recuerda que debes autorizar la instalaci\u00f3n de nuestras cookies necesarias para un correcto funcionamiento de nuestro sitio web.<\/p>\n<p><strong>Como gestionar las cookies<\/strong><\/p>\n<p>Cualquier usuario de una p\u00e1gina web, puede desinstalar o no autorizar la instalaci\u00f3n de las cookies.<\/p>\n<p>Puedes aceptar o rechazar el uso de cookies a trav\u00e9s del panel de configuraci\u00f3n de cookies que ponemos a tu disposici\u00f3n, y al que puedes acceder tanto a trav\u00e9s del mensaje de informaci\u00f3n b\u00e1sica sobre cookies que aparece al visitar el Sitio web por primera vez, como cada vez que visites esta Pol\u00edtica de Cookies.<\/p>\n<p>En el panel de configuraci\u00f3n de cookies podr\u00e1s consentir al uso de cookies, as\u00ed como retirar cualquier consentimiento para sus uso ya otorgado, en cualquier momento y tantas veces como desees.<\/p>\n<p>Ten en cuenta que si aceptas las cookies de terceros, deber\u00e1s eliminarlas, si as\u00ed lo deseas, directamente a trav\u00e9s de las opciones de gesti\u00f3n de cookies de tu navegador, tal y como explicamos a continuaci\u00f3n.<\/p>\n<p>La mayor\u00eda de los navegadores ofrecen formas de controlar el comportamiento de las cookies. Para ello puedes emplear los par\u00e1metros de configuraci\u00f3n del navegador \u2013busca en configuraci\u00f3n-.\u00a0Puedes emplear el modo de navegaci\u00f3n privado o de incognito.<\/p>\n<p>Tambi\u00e9n puedes emplear herramientas espec\u00edficas, que se han dise\u00f1ado para evitar el funcionamiento de cookies y que bloquean sus funciones. Por ejemplo Ghostery, Disconnect o Do Not Track Me.<\/p>\n<p>Puedes obtener m\u00e1s informaci\u00f3n en la p\u00e1gina web:\u00a0<a href=\"http:\/\/www.allaboutcookies.org\/es\/\" rel=\"noopener\">http:\/\/www.allaboutcookies.org\/es\/<\/a>\u00a0. Para obtener m\u00e1s detalles sobre las cookies publicitarias y sobre c\u00f3mo administrarlas, visite\u00a0<a href=\"http:\/\/youronlinechoices.eu\/\" rel=\"noopener\">http:\/\/youronlinechoices.eu<\/a>\u00a0(en la UE) o\u00a0<a href=\"http:\/\/aboutads.info\/\" rel=\"noopener\">http:\/\/aboutads.info<\/a>\u00a0(en EE. UU.).<\/p>\n<p><strong>\u00bfNecesitas m\u00e1s informaci\u00f3n?<\/strong><\/p>\n<p>No dudes en consultar con nosotros, enviando un correo a la direcci\u00f3n:\u00a0<a href=\"mailto:info@lisdatasolutions.com\">info@lisdatasolutions.com<\/a><\/p>\n","protected":false},"excerpt":{"rendered":"<p>Nuestra p\u00e1gina web usa cookies Nuestra p\u00e1gina web, utiliza cookies -propias y de terceros- para garantizar el funcionamiento de nuestro sitio web, para mostrarte contenidos personalizados y anuncios adecuados, para medir y obtener datos estad\u00edsticos de la navegaci\u00f3n de los usuarios y mejorar y desarrollar productos. Aqu\u00ed; vas a encontrar informaci\u00f3n sobre las cookies y [&hellip;]<\/p>\n","protected":false},"author":21,"featured_media":0,"parent":0,"menu_order":0,"comment_status":"closed","ping_status":"closed","template":"pages-templates\/template-paginas-legales.php","meta":{"inline_featured_image":false,"_monsterinsights_skip_tracking":false,"_monsterinsights_sitenote_active":false,"_monsterinsights_sitenote_note":"","_monsterinsights_sitenote_category":0},"acf":[],"yoast_head":"<!-- This site is optimized with the Yoast SEO plugin v20.1 - https:\/\/yoast.com\/wordpress\/plugins\/seo\/ -->\n<title>Pol\u00edtica de Cookies | LIS Data Solutions<\/title>\n<meta name=\"robots\" content=\"noindex, follow\" \/>\n<meta property=\"og:locale\" content=\"es_ES\" \/>\n<meta property=\"og:type\" content=\"article\" \/>\n<meta property=\"og:title\" content=\"Pol\u00edtica de Cookies | LIS Data Solutions\" \/>\n<meta property=\"og:description\" content=\"Nuestra p\u00e1gina web usa cookies Nuestra p\u00e1gina web, utiliza cookies -propias y de terceros- para garantizar el funcionamiento de nuestro sitio web, para mostrarte contenidos personalizados y anuncios adecuados, para medir y obtener datos estad\u00edsticos de la navegaci\u00f3n de los usuarios y mejorar y desarrollar productos. Aqu\u00ed; vas a encontrar informaci\u00f3n sobre las cookies y [&hellip;]\" \/>\n<meta property=\"og:url\" content=\"https:\/\/www.lisdatasolutions.com\/es\/politica-de-cookies\/\" \/>\n<meta property=\"og:site_name\" content=\"LIS Data Solutions\" \/>\n<meta property=\"article:modified_time\" content=\"2025-06-10T20:30:34+00:00\" \/>\n<meta name=\"twitter:card\" content=\"summary_large_image\" \/>\n<meta name=\"twitter:label1\" content=\"Tiempo de lectura\" \/>\n\t<meta name=\"twitter:data1\" content=\"5 minutos\" \/>\n<script type=\"application\/ld+json\" class=\"yoast-schema-graph\">{\"@context\":\"https:\/\/schema.org\",\"@graph\":[{\"@type\":\"WebPage\",\"@id\":\"https:\/\/www.lisdatasolutions.com\/es\/politica-de-cookies\/\",\"url\":\"https:\/\/www.lisdatasolutions.com\/es\/politica-de-cookies\/\",\"name\":\"Pol\u00edtica de Cookies | LIS Data Solutions\",\"isPartOf\":{\"@id\":\"https:\/\/www.lisdatasolutions.com\/es\/#website\"},\"datePublished\":\"2022-07-27T09:12:30+00:00\",\"dateModified\":\"2025-06-10T20:30:34+00:00\",\"breadcrumb\":{\"@id\":\"https:\/\/www.lisdatasolutions.com\/es\/politica-de-cookies\/#breadcrumb\"},\"inLanguage\":\"es\",\"potentialAction\":[{\"@type\":\"ReadAction\",\"target\":[\"https:\/\/www.lisdatasolutions.com\/es\/politica-de-cookies\/\"]}]},{\"@type\":\"BreadcrumbList\",\"@id\":\"https:\/\/www.lisdatasolutions.com\/es\/politica-de-cookies\/#breadcrumb\",\"itemListElement\":[{\"@type\":\"ListItem\",\"position\":1,\"name\":\"Portada\",\"item\":\"https:\/\/www.lisdatasolutions.com\/es\/\"},{\"@type\":\"ListItem\",\"position\":2,\"name\":\"Pol\u00edtica de Cookies\"}]},{\"@type\":\"WebSite\",\"@id\":\"https:\/\/www.lisdatasolutions.com\/es\/#website\",\"url\":\"https:\/\/www.lisdatasolutions.com\/es\/\",\"name\":\"LIS Data Solutions\",\"description\":\"\",\"potentialAction\":[{\"@type\":\"SearchAction\",\"target\":{\"@type\":\"EntryPoint\",\"urlTemplate\":\"https:\/\/www.lisdatasolutions.com\/es\/?s={search_term_string}\"},\"query-input\":\"required name=search_term_string\"}],\"inLanguage\":\"es\"}]}<\/script>\n<!-- \/ Yoast SEO plugin. -->","yoast_head_json":{"title":"Pol\u00edtica de Cookies | LIS Data Solutions","robots":{"index":"noindex","follow":"follow"},"og_locale":"es_ES","og_type":"article","og_title":"Pol\u00edtica de Cookies | LIS Data Solutions","og_description":"Nuestra p\u00e1gina web usa cookies Nuestra p\u00e1gina web, utiliza cookies -propias y de terceros- para garantizar el funcionamiento de nuestro sitio web, para mostrarte contenidos personalizados y anuncios adecuados, para medir y obtener datos estad\u00edsticos de la navegaci\u00f3n de los usuarios y mejorar y desarrollar productos. Aqu\u00ed; vas a encontrar informaci\u00f3n sobre las cookies y [&hellip;]","og_url":"https:\/\/www.lisdatasolutions.com\/es\/politica-de-cookies\/","og_site_name":"LIS Data Solutions","article_modified_time":"2025-06-10T20:30:34+00:00","twitter_card":"summary_large_image","twitter_misc":{"Tiempo de lectura":"5 minutos"},"schema":{"@context":"https:\/\/schema.org","@graph":[{"@type":"WebPage","@id":"https:\/\/www.lisdatasolutions.com\/es\/politica-de-cookies\/","url":"https:\/\/www.lisdatasolutions.com\/es\/politica-de-cookies\/","name":"Pol\u00edtica de Cookies | LIS Data Solutions","isPartOf":{"@id":"https:\/\/www.lisdatasolutions.com\/es\/#website"},"datePublished":"2022-07-27T09:12:30+00:00","dateModified":"2025-06-10T20:30:34+00:00","breadcrumb":{"@id":"https:\/\/www.lisdatasolutions.com\/es\/politica-de-cookies\/#breadcrumb"},"inLanguage":"es","potentialAction":[{"@type":"ReadAction","target":["https:\/\/www.lisdatasolutions.com\/es\/politica-de-cookies\/"]}]},{"@type":"BreadcrumbList","@id":"https:\/\/www.lisdatasolutions.com\/es\/politica-de-cookies\/#breadcrumb","itemListElement":[{"@type":"ListItem","position":1,"name":"Portada","item":"https:\/\/www.lisdatasolutions.com\/es\/"},{"@type":"ListItem","position":2,"name":"Pol\u00edtica de Cookies"}]},{"@type":"WebSite","@id":"https:\/\/www.lisdatasolutions.com\/es\/#website","url":"https:\/\/www.lisdatasolutions.com\/es\/","name":"LIS Data Solutions","description":"","potentialAction":[{"@type":"SearchAction","target":{"@type":"EntryPoint","urlTemplate":"https:\/\/www.lisdatasolutions.com\/es\/?s={search_term_string}"},"query-input":"required name=search_term_string"}],"inLanguage":"es"}]}},"_links":{"self":[{"href":"https:\/\/www.lisdatasolutions.com\/es\/wp-json\/wp\/v2\/pages\/3391"}],"collection":[{"href":"https:\/\/www.lisdatasolutions.com\/es\/wp-json\/wp\/v2\/pages"}],"about":[{"href":"https:\/\/www.lisdatasolutions.com\/es\/wp-json\/wp\/v2\/types\/page"}],"author":[{"embeddable":true,"href":"https:\/\/www.lisdatasolutions.com\/es\/wp-json\/wp\/v2\/users\/21"}],"replies":[{"embeddable":true,"href":"https:\/\/www.lisdatasolutions.com\/es\/wp-json\/wp\/v2\/comments?post=3391"}],"version-history":[{"count":10,"href":"https:\/\/www.lisdatasolutions.com\/es\/wp-json\/wp\/v2\/pages\/3391\/revisions"}],"predecessor-version":[{"id":6567,"href":"https:\/\/www.lisdatasolutions.com\/es\/wp-json\/wp\/v2\/pages\/3391\/revisions\/6567"}],"wp:attachment":[{"href":"https:\/\/www.lisdatasolutions.com\/es\/wp-json\/wp\/v2\/media?parent=3391"}],"curies":[{"name":"wp","href":"https:\/\/api.w.org\/{rel}","templated":true}]}}