{"id":3381,"date":"2022-07-27T09:02:41","date_gmt":"2022-07-27T09:02:41","guid":{"rendered":"https:\/\/lisdatasolutions.sidnpre.com\/?page_id=3381"},"modified":"2023-01-18T12:49:54","modified_gmt":"2023-01-18T12:49:54","slug":"politica-de-privacidad","status":"publish","type":"page","link":"https:\/\/www.lisdatasolutions.com\/es\/politica-de-privacidad\/","title":{"rendered":"Pol\u00edtica de Privacidad"},"content":{"rendered":"<p>En ocasiones, LIS Data Solutions puede tratar datos de car\u00e1cter personal. En los siguientes apartados damos respuesta a algunas de las preguntas que pueden surgir en relaci\u00f3n a c\u00f3mo se tratan dichos datos, y a cu\u00e1les son los compromisos que asume LIS Data Solutions a la hora de acceder, almacenar y disponer de la informaci\u00f3n que eventualmente pueda recabarse.<\/p>\n<h2><strong>\u00bfQu\u00e9 normativa aplicamos cuando gestionamos datos personales para prestarte nuestros servicios?<\/strong><\/h2>\n<p>A estos efectos, nuestra actividad se rige por el com\u00fanmente conocido como Reglamento General de Protecci\u00f3n de Datos (RGPD), que es el Reglamento (UE) 2016\/679 del Parlamento y del Consejo, de 27 de abril de 2016, relativo a la protecci\u00f3n de las personas f\u00edsicas en lo que respecta al tratamiento de datos personales y a la libre circulaci\u00f3n de estos datos, la Ley Org\u00e1nica 3\/2018, de 5 de diciembre, de Protecci\u00f3n de Datos Personales y de Garant\u00eda de Derechos Digitales (LOPDGDD) y dem\u00e1s normativa nacional que sea de aplicaci\u00f3n.<\/p>\n<h2><strong>\u00bfQui\u00e9n es el responsable del tratamiento de los datos personales? \u00bfC\u00f3mo puedo contactar con \u00e9l?<\/strong><\/h2>\n<p>Identidad del Responsable: LIS Data Solutions S.L.<\/p>\n<p>CIF: B-01507938<\/p>\n<p>Direcci\u00f3n: Calle Pintor J. \u00c1ngel S\u00e1ez n\u00ba 16, 01008, Vitoria, \u00c1lava.<\/p>\n<p>Tel\u00e9fono de contacto: <a href=\"tel:945065950\">945065950<\/a><\/p>\n<p>Correo electr\u00f3nico: <a href=\"mailto:info@lisdatasolutions.com\">info@lisdatasolutions.com<\/a><\/p>\n<p>Tambi\u00e9n puedes contactar con su Delegado de Protecci\u00f3n de Datos (DPD) a trav\u00e9s del siguiente correo electr\u00f3nico legal@lisdatasolutions.com<\/p>\n<h2>Cu\u00e1ndo, por qu\u00e9, qui\u00e9n, c\u00f3mo, para qu\u00e9 y durante cu\u00e1nto tiempo tratamos tus datos personales<\/h2>\n<h3>\u00bfCu\u00e1ndo y por qu\u00e9?<\/h3>\n<p>Puedes navegar por la p\u00e1gina web de LIS Data Solutions sin facilitar ninguna informaci\u00f3n personal, pero en algunos casos esta informaci\u00f3n es necesaria para proporcionarte los servicios electr\u00f3nicos que nos solicitas.<\/p>\n<p>Si necesitamos recabar datos personales para prestarte el servicio, trataremos la informaci\u00f3n seg\u00fan la pol\u00edtica expuesta en la presente pol\u00edtica, que contienen declaraciones espec\u00edficas de privacidad sobre el uso de los datos y te informa de por qu\u00e9, para qu\u00e9, c\u00f3mo, durante cu\u00e1nto tiempo tratamos tus datos personales y qu\u00e9 medidas de seguridad implementamos.<\/p>\n<h3>\u00bfQui\u00e9n recaba tus datos?<\/h3>\n<p>La recogida y tratamiento de los datos de car\u00e1cter personal se llevan a cabo por LIS Data Solutions o, en su caso, sus encargados del tratamiento. En relaci\u00f3n a este \u00faltimo caso, estos encargados son terceros que han resultado contratados con condiciones para que la gesti\u00f3n de los datos sea acorde a la ley. Se exige por contrato a esos terceros que su actividad respete la legalidad e implementen las medidas de seguridad adecuadas para proteger dichos datos.<\/p>\n<h3>\u00bfPara qu\u00e9?<\/h3>\n<p>Los datos de car\u00e1cter personal que tratamos nos sirven para gestionar, prestar y mejorar los servicios que llevamos a cabo.<\/p>\n<p>Por ejemplo, trataremos tus datos personales para poder gestionar las consultas que nos env\u00edes, para poder gestionar tu participaci\u00f3n en procesos de selecci\u00f3n de personal o para enviarte comunicaciones electr\u00f3nicas en el caso de que as\u00ed nos lo solicitases.<\/p>\n<p>En este sentido, solo recogemos los datos personales del remitente necesarios para llevar a cabo la actividad. Si deseas preguntar o solicitar algo en relaci\u00f3n con el tratamiento de tu mensaje electr\u00f3nico y tus datos personales, no dudes en hacerlo en el propio mensaje.<\/p>\n<h3>\u00bfA qui\u00e9n se dirigen nuestros servicios?<\/h3>\n<p>Nuestros servicios se dirigen a mayores de 14 a\u00f1os. En el supuesto excepcional de que se desarrollara alg\u00fan servicio dirigido espec\u00edficamente a menores de 14 a\u00f1os y fuese necesario recabar sus datos personales, LIS Data Solutions solicitar\u00e1 la conformidad de los padres o tutores para el tratamiento de los mismos, salvo en aquellos casos expresamente excepcionados en la normativa aplicable.<\/p>\n<h3>\u00bfC\u00f3mo tratamos tus datos?<\/h3>\n<p>LIS Data Solutions recoge exclusivamente la informaci\u00f3n personal en la medida necesaria para alcanzar un prop\u00f3sito espec\u00edfico. La informaci\u00f3n no se utilizar\u00e1 para una finalidad incompatible con la descrita.<\/p>\n<p>LIS Data Solutions solamente revela la informaci\u00f3n a terceros si es necesaria para el cumplimiento de la finalidad del servicio y \u00fanicamente a las personas que deben conocerlos. Todo ello al objeto de que se pueda prestar el servicio tratando tus datos personales con confidencialidad y reserva, conforme a la legislaci\u00f3n vigente.<\/p>\n<p>En todo caso, LIS Data Solutions adopta medidas de seguridad para proteger los datos contra un posible abuso o acceso no autorizado, alteraci\u00f3n o p\u00e9rdida.<\/p>\n<h3>\u00a0\u00bfCu\u00e1nto tiempo guardamos tus datos?<\/h3>\n<p>LIS Data Solutions solamente guarda los datos el tiempo necesario para cumplir la finalidad de su recogida o de su procesamiento posterior. El periodo de conservaci\u00f3n de los datos depender\u00e1 del servicio.<\/p>\n<h3>\u00bfQu\u00e9 derechos tienes sobre tus datos personales?<\/h3>\n<ul>\n<li>Solicitar el acceso a los datos almacenados. Puedes preguntarnos si estamos tratando tus datos y de qu\u00e9 manera.<\/li>\n<li>Solicitar una rectificaci\u00f3n o la cancelaci\u00f3n. Puedes pedirnos que actualicemos tus datos personales si son incorrectos, y suprimirlos si as\u00ed lo deseas, cuando tus datos ya no sean necesarios para el tratamiento, retires tu consentimiento, sea un tratamiento il\u00edcito o haya una obligaci\u00f3n legal de hacerlo. Analizaremos el supuesto y aplicaremos la ley.<\/li>\n<li>Solicitar la limitaci\u00f3n de su tratamiento. En este caso \u00fanicamente ser\u00e1n conservados por LIS Data Solutions para el ejercicio o la defensa de reclamaciones.<\/li>\n<li>Oponerte al tratamiento. Tras tu solicitud de oposici\u00f3n al tratamiento, LIS Data Solutions dejar\u00e1 de tratar los datos en la forma que indiques, salvo que por motivos leg\u00edtimos imperiosos o el ejercicio o la defensa de posibles reclamaciones se tengan que seguir tratando.<\/li>\n<li>Solicitar la portabilidad de tus datos. En caso de que quieras que tus datos sean tratados por otra empresa, LIS Data Solutions te facilitar\u00e1 la portabilidad de tus datos al nuevo responsable.<\/li>\n<li>Retirar el consentimiento prestado. La retirada del consentimiento no afectar\u00e1 a la licitud del tratamiento basada en el consentimiento previo a su retirada.<\/li>\n<\/ul>\n<p>El ejercicio de estos derechos es personal y por tanto debe ser ejercido directamente por el interesado, solicit\u00e1ndolo directamente a los titulares, lo que significa que cualquier cliente, suscriptor o colaborador que haya facilitado sus datos en alg\u00fan momento puede dirigirse a los titulares y pedir informaci\u00f3n sobre los datos que tiene almacenados y c\u00f3mo los han obtenido, solicitar la rectificaci\u00f3n de los mismos, solicitar la portabilidad de sus datos personales, oponerse al tratamiento, limitar su uso o solicitar la cancelaci\u00f3n de esos datos.<\/p>\n<p>Para ejercitar los derechos de acceso, rectificaci\u00f3n, cancelaci\u00f3n, portabilidad, limitaci\u00f3n y oposici\u00f3n, puedes descargar los formularios pertinentes que la AEPD pone a tu disposici\u00f3n en el siguiente\u00a0<a href=\"https:\/\/www.aepd.es\/es\/derechos-y-deberes\/conoce-tus-derechos\" rel=\"noopener\">enlace<\/a>, los cuales tienes que enviar, debidamente cumplimentados, mediante un correo electr\u00f3nico a info@lisdatasolutions.com, junto con una prueba v\u00e1lida en derecho de tu identidad, como una fotocopia o imagen del D.N.I. o equivalente<\/p>\n<p>Para aquellos tratamientos en los que se solicite tu consentimiento, tendr\u00e1s derecho a retirar el consentimiento prestado en cualquier momento, a trav\u00e9s del correo electr\u00f3nico <a href=\"mailto:info@lisdatasolutions.com\">info@lisdatasolutions.com<\/a>, o en lisdatasolutions.com\/contacto\/ aunque la retirada del mismo no afectar\u00e1 a la licitud del tratamiento basada en el consentimiento previo a su retirada<\/p>\n<p>Si necesitas m\u00e1s informaci\u00f3n sobre qu\u00e9 derechos tienes reconocidos en la Ley y c\u00f3mo ejercerlos, te recomendamos dirigirte a la Agencia Espa\u00f1ola de Protecci\u00f3n de Datos, que es la autoridad de control competente en materia de protecci\u00f3n de datos.<\/p>\n<p>En todo caso, tienes derecho a presentar una reclamaci\u00f3n ante la Agencia Espa\u00f1ola de Protecci\u00f3n de Datos, si consideras que el tratamiento de datos personales que te conciernen infringe el Reglamento 679\/2016 o la LOPDGDD de 2018.<\/p>\n<h2><strong>Cookies<\/strong><\/h2>\n<p>Para que este sitio Web funcione correctamente necesita utilizar cookies, que es una informaci\u00f3n que se almacena en su navegador web.<\/p>\n<p>En la p\u00e1gina\u00a0<a href=\"https:\/\/www.lisdatasolutions.com\/es\/politica-de-cookies\/\">Pol\u00edtica de Cookies<\/a>\u00a0puedes consultar toda la informaci\u00f3n relativa a la pol\u00edtica de recogida, la finalidad y el tratamiento de las cookies.<\/p>\n<h2><strong>Newsletter<\/strong><\/h2>\n<p>En la p\u00e1gina Pol\u00edtica de Newsletters puedes consultar toda la informaci\u00f3n relativa al servicio de Newsletter de LIS Data Solutions.<\/p>\n","protected":false},"excerpt":{"rendered":"<p>En ocasiones, LIS Data Solutions puede tratar datos de car\u00e1cter personal. En los siguientes apartados damos respuesta a algunas de las preguntas que pueden surgir en relaci\u00f3n a c\u00f3mo se tratan dichos datos, y a cu\u00e1les son los compromisos que asume LIS Data Solutions a la hora de acceder, almacenar y disponer de la informaci\u00f3n [&hellip;]<\/p>\n","protected":false},"author":21,"featured_media":0,"parent":0,"menu_order":0,"comment_status":"closed","ping_status":"closed","template":"pages-templates\/template-paginas-legales.php","meta":{"inline_featured_image":false,"_monsterinsights_skip_tracking":false,"_monsterinsights_sitenote_active":false,"_monsterinsights_sitenote_note":"","_monsterinsights_sitenote_category":0},"acf":[],"yoast_head":"<!-- This site is optimized with the Yoast SEO plugin v20.1 - https:\/\/yoast.com\/wordpress\/plugins\/seo\/ -->\n<title>Pol\u00edtica de Privacidad | LIS Data Solutions<\/title>\n<meta name=\"robots\" content=\"noindex, follow\" \/>\n<meta property=\"og:locale\" content=\"es_ES\" \/>\n<meta property=\"og:type\" content=\"article\" \/>\n<meta property=\"og:title\" content=\"Pol\u00edtica de Privacidad | LIS Data Solutions\" \/>\n<meta property=\"og:description\" content=\"En ocasiones, LIS Data Solutions puede tratar datos de car\u00e1cter personal. En los siguientes apartados damos respuesta a algunas de las preguntas que pueden surgir en relaci\u00f3n a c\u00f3mo se tratan dichos datos, y a cu\u00e1les son los compromisos que asume LIS Data Solutions a la hora de acceder, almacenar y disponer de la informaci\u00f3n [&hellip;]\" \/>\n<meta property=\"og:url\" content=\"https:\/\/www.lisdatasolutions.com\/es\/politica-de-privacidad\/\" \/>\n<meta property=\"og:site_name\" content=\"LIS Data Solutions\" \/>\n<meta property=\"article:modified_time\" content=\"2023-01-18T12:49:54+00:00\" \/>\n<meta name=\"twitter:card\" content=\"summary_large_image\" \/>\n<meta name=\"twitter:label1\" content=\"Tiempo de lectura\" \/>\n\t<meta name=\"twitter:data1\" content=\"6 minutos\" \/>\n<script type=\"application\/ld+json\" class=\"yoast-schema-graph\">{\"@context\":\"https:\/\/schema.org\",\"@graph\":[{\"@type\":\"WebPage\",\"@id\":\"https:\/\/www.lisdatasolutions.com\/es\/politica-de-privacidad\/\",\"url\":\"https:\/\/www.lisdatasolutions.com\/es\/politica-de-privacidad\/\",\"name\":\"Pol\u00edtica de Privacidad | LIS Data Solutions\",\"isPartOf\":{\"@id\":\"https:\/\/www.lisdatasolutions.com\/es\/#website\"},\"datePublished\":\"2022-07-27T09:02:41+00:00\",\"dateModified\":\"2023-01-18T12:49:54+00:00\",\"breadcrumb\":{\"@id\":\"https:\/\/www.lisdatasolutions.com\/es\/politica-de-privacidad\/#breadcrumb\"},\"inLanguage\":\"es\",\"potentialAction\":[{\"@type\":\"ReadAction\",\"target\":[\"https:\/\/www.lisdatasolutions.com\/es\/politica-de-privacidad\/\"]}]},{\"@type\":\"BreadcrumbList\",\"@id\":\"https:\/\/www.lisdatasolutions.com\/es\/politica-de-privacidad\/#breadcrumb\",\"itemListElement\":[{\"@type\":\"ListItem\",\"position\":1,\"name\":\"Portada\",\"item\":\"https:\/\/www.lisdatasolutions.com\/es\/\"},{\"@type\":\"ListItem\",\"position\":2,\"name\":\"Pol\u00edtica de Privacidad\"}]},{\"@type\":\"WebSite\",\"@id\":\"https:\/\/www.lisdatasolutions.com\/es\/#website\",\"url\":\"https:\/\/www.lisdatasolutions.com\/es\/\",\"name\":\"LIS Data Solutions\",\"description\":\"\",\"potentialAction\":[{\"@type\":\"SearchAction\",\"target\":{\"@type\":\"EntryPoint\",\"urlTemplate\":\"https:\/\/www.lisdatasolutions.com\/es\/?s={search_term_string}\"},\"query-input\":\"required name=search_term_string\"}],\"inLanguage\":\"es\"}]}<\/script>\n<!-- \/ Yoast SEO plugin. -->","yoast_head_json":{"title":"Pol\u00edtica de Privacidad | LIS Data Solutions","robots":{"index":"noindex","follow":"follow"},"og_locale":"es_ES","og_type":"article","og_title":"Pol\u00edtica de Privacidad | LIS Data Solutions","og_description":"En ocasiones, LIS Data Solutions puede tratar datos de car\u00e1cter personal. En los siguientes apartados damos respuesta a algunas de las preguntas que pueden surgir en relaci\u00f3n a c\u00f3mo se tratan dichos datos, y a cu\u00e1les son los compromisos que asume LIS Data Solutions a la hora de acceder, almacenar y disponer de la informaci\u00f3n [&hellip;]","og_url":"https:\/\/www.lisdatasolutions.com\/es\/politica-de-privacidad\/","og_site_name":"LIS Data Solutions","article_modified_time":"2023-01-18T12:49:54+00:00","twitter_card":"summary_large_image","twitter_misc":{"Tiempo de lectura":"6 minutos"},"schema":{"@context":"https:\/\/schema.org","@graph":[{"@type":"WebPage","@id":"https:\/\/www.lisdatasolutions.com\/es\/politica-de-privacidad\/","url":"https:\/\/www.lisdatasolutions.com\/es\/politica-de-privacidad\/","name":"Pol\u00edtica de Privacidad | LIS Data Solutions","isPartOf":{"@id":"https:\/\/www.lisdatasolutions.com\/es\/#website"},"datePublished":"2022-07-27T09:02:41+00:00","dateModified":"2023-01-18T12:49:54+00:00","breadcrumb":{"@id":"https:\/\/www.lisdatasolutions.com\/es\/politica-de-privacidad\/#breadcrumb"},"inLanguage":"es","potentialAction":[{"@type":"ReadAction","target":["https:\/\/www.lisdatasolutions.com\/es\/politica-de-privacidad\/"]}]},{"@type":"BreadcrumbList","@id":"https:\/\/www.lisdatasolutions.com\/es\/politica-de-privacidad\/#breadcrumb","itemListElement":[{"@type":"ListItem","position":1,"name":"Portada","item":"https:\/\/www.lisdatasolutions.com\/es\/"},{"@type":"ListItem","position":2,"name":"Pol\u00edtica de Privacidad"}]},{"@type":"WebSite","@id":"https:\/\/www.lisdatasolutions.com\/es\/#website","url":"https:\/\/www.lisdatasolutions.com\/es\/","name":"LIS Data Solutions","description":"","potentialAction":[{"@type":"SearchAction","target":{"@type":"EntryPoint","urlTemplate":"https:\/\/www.lisdatasolutions.com\/es\/?s={search_term_string}"},"query-input":"required name=search_term_string"}],"inLanguage":"es"}]}},"_links":{"self":[{"href":"https:\/\/www.lisdatasolutions.com\/es\/wp-json\/wp\/v2\/pages\/3381"}],"collection":[{"href":"https:\/\/www.lisdatasolutions.com\/es\/wp-json\/wp\/v2\/pages"}],"about":[{"href":"https:\/\/www.lisdatasolutions.com\/es\/wp-json\/wp\/v2\/types\/page"}],"author":[{"embeddable":true,"href":"https:\/\/www.lisdatasolutions.com\/es\/wp-json\/wp\/v2\/users\/21"}],"replies":[{"embeddable":true,"href":"https:\/\/www.lisdatasolutions.com\/es\/wp-json\/wp\/v2\/comments?post=3381"}],"version-history":[{"count":7,"href":"https:\/\/www.lisdatasolutions.com\/es\/wp-json\/wp\/v2\/pages\/3381\/revisions"}],"predecessor-version":[{"id":6556,"href":"https:\/\/www.lisdatasolutions.com\/es\/wp-json\/wp\/v2\/pages\/3381\/revisions\/6556"}],"wp:attachment":[{"href":"https:\/\/www.lisdatasolutions.com\/es\/wp-json\/wp\/v2\/media?parent=3381"}],"curies":[{"name":"wp","href":"https:\/\/api.w.org\/{rel}","templated":true}]}}