{"id":10336,"date":"2026-01-19T18:13:41","date_gmt":"2026-01-19T16:13:41","guid":{"rendered":"https:\/\/www.lisdatasolutions.com\/?page_id=10336"},"modified":"2026-01-20T12:31:29","modified_gmt":"2026-01-20T10:31:29","slug":"planificacion-produccion","status":"publish","type":"page","link":"https:\/\/www.lisdatasolutions.com\/es\/planificacion-produccion\/","title":{"rendered":"Consultor\u00eda en Planificaci\u00f3n de la Producci\u00f3n"},"content":{"rendered":"","protected":false},"excerpt":{"rendered":"","protected":false},"author":30,"featured_media":10703,"parent":0,"menu_order":0,"comment_status":"closed","ping_status":"closed","template":"pages-templates\/template-contenido-flexible.php","meta":{"inline_featured_image":false,"_monsterinsights_skip_tracking":false,"_monsterinsights_sitenote_active":false,"_monsterinsights_sitenote_note":"","_monsterinsights_sitenote_category":0},"acf":[],"yoast_head":"<!-- This site is optimized with the Yoast SEO plugin v20.1 - https:\/\/yoast.com\/wordpress\/plugins\/seo\/ -->\n<title>Consultor\u00eda en Planificaci\u00f3n de la Producci\u00f3n | LIS Data Solutions<\/title>\n<meta name=\"description\" content=\"\u00bfNo tienes la producci\u00f3n bajo control? Optimiza procesos, reduce costes y mejora la eficiencia con nuestra consultor\u00eda en planificaci\u00f3n de la producci\u00f3n.\" \/>\n<meta name=\"robots\" content=\"index, follow, max-snippet:-1, max-image-preview:large, max-video-preview:-1\" \/>\n<link rel=\"canonical\" href=\"https:\/\/www.lisdatasolutions.com\/es\/planificacion-produccion\/\" \/>\n<meta property=\"og:locale\" content=\"es_ES\" \/>\n<meta property=\"og:type\" content=\"article\" \/>\n<meta property=\"og:title\" content=\"Consultor\u00eda en Planificaci\u00f3n de la Producci\u00f3n | LIS Data Solutions\" \/>\n<meta property=\"og:description\" content=\"\u00bfNo tienes la producci\u00f3n bajo control? Optimiza procesos, reduce costes y mejora la eficiencia con nuestra consultor\u00eda en planificaci\u00f3n de la producci\u00f3n.\" \/>\n<meta property=\"og:url\" content=\"https:\/\/www.lisdatasolutions.com\/es\/planificacion-produccion\/\" \/>\n<meta property=\"og:site_name\" content=\"LIS Data Solutions\" \/>\n<meta property=\"article:modified_time\" content=\"2026-01-20T10:31:29+00:00\" \/>\n<meta property=\"og:image\" content=\"https:\/\/www.lisdatasolutions.com\/wp-content\/uploads\/2026\/01\/Foto_logistics-1.jpg\" \/>\n\t<meta property=\"og:image:width\" content=\"1539\" \/>\n\t<meta property=\"og:image:height\" content=\"866\" \/>\n\t<meta property=\"og:image:type\" content=\"image\/jpeg\" \/>\n<meta name=\"twitter:card\" content=\"summary_large_image\" \/>\n<script type=\"application\/ld+json\" class=\"yoast-schema-graph\">{\"@context\":\"https:\/\/schema.org\",\"@graph\":[{\"@type\":\"WebPage\",\"@id\":\"https:\/\/www.lisdatasolutions.com\/es\/planificacion-produccion\/\",\"url\":\"https:\/\/www.lisdatasolutions.com\/es\/planificacion-produccion\/\",\"name\":\"Consultor\u00eda en Planificaci\u00f3n de la Producci\u00f3n | LIS Data Solutions\",\"isPartOf\":{\"@id\":\"https:\/\/www.lisdatasolutions.com\/es\/#website\"},\"datePublished\":\"2026-01-19T16:13:41+00:00\",\"dateModified\":\"2026-01-20T10:31:29+00:00\",\"description\":\"\u00bfNo tienes la producci\u00f3n bajo control? Optimiza procesos, reduce costes y mejora la eficiencia con nuestra consultor\u00eda en planificaci\u00f3n de la producci\u00f3n.\",\"breadcrumb\":{\"@id\":\"https:\/\/www.lisdatasolutions.com\/es\/planificacion-produccion\/#breadcrumb\"},\"inLanguage\":\"es\",\"potentialAction\":[{\"@type\":\"ReadAction\",\"target\":[\"https:\/\/www.lisdatasolutions.com\/es\/planificacion-produccion\/\"]}]},{\"@type\":\"BreadcrumbList\",\"@id\":\"https:\/\/www.lisdatasolutions.com\/es\/planificacion-produccion\/#breadcrumb\",\"itemListElement\":[{\"@type\":\"ListItem\",\"position\":1,\"name\":\"Portada\",\"item\":\"https:\/\/www.lisdatasolutions.com\/es\/\"},{\"@type\":\"ListItem\",\"position\":2,\"name\":\"Consultor\u00eda en Planificaci\u00f3n de la Producci\u00f3n\"}]},{\"@type\":\"WebSite\",\"@id\":\"https:\/\/www.lisdatasolutions.com\/es\/#website\",\"url\":\"https:\/\/www.lisdatasolutions.com\/es\/\",\"name\":\"LIS Data Solutions\",\"description\":\"\",\"potentialAction\":[{\"@type\":\"SearchAction\",\"target\":{\"@type\":\"EntryPoint\",\"urlTemplate\":\"https:\/\/www.lisdatasolutions.com\/es\/?s={search_term_string}\"},\"query-input\":\"required name=search_term_string\"}],\"inLanguage\":\"es\"}]}<\/script>\n<!-- \/ Yoast SEO plugin. -->","yoast_head_json":{"title":"Consultor\u00eda en Planificaci\u00f3n de la Producci\u00f3n | LIS Data Solutions","description":"\u00bfNo tienes la producci\u00f3n bajo control? Optimiza procesos, reduce costes y mejora la eficiencia con nuestra consultor\u00eda en planificaci\u00f3n de la producci\u00f3n.","robots":{"index":"index","follow":"follow","max-snippet":"max-snippet:-1","max-image-preview":"max-image-preview:large","max-video-preview":"max-video-preview:-1"},"canonical":"https:\/\/www.lisdatasolutions.com\/es\/planificacion-produccion\/","og_locale":"es_ES","og_type":"article","og_title":"Consultor\u00eda en Planificaci\u00f3n de la Producci\u00f3n | LIS Data Solutions","og_description":"\u00bfNo tienes la producci\u00f3n bajo control? Optimiza procesos, reduce costes y mejora la eficiencia con nuestra consultor\u00eda en planificaci\u00f3n de la producci\u00f3n.","og_url":"https:\/\/www.lisdatasolutions.com\/es\/planificacion-produccion\/","og_site_name":"LIS Data Solutions","article_modified_time":"2026-01-20T10:31:29+00:00","og_image":[{"width":1539,"height":866,"url":"https:\/\/www.lisdatasolutions.com\/wp-content\/uploads\/2026\/01\/Foto_logistics-1.jpg","type":"image\/jpeg"}],"twitter_card":"summary_large_image","schema":{"@context":"https:\/\/schema.org","@graph":[{"@type":"WebPage","@id":"https:\/\/www.lisdatasolutions.com\/es\/planificacion-produccion\/","url":"https:\/\/www.lisdatasolutions.com\/es\/planificacion-produccion\/","name":"Consultor\u00eda en Planificaci\u00f3n de la Producci\u00f3n | LIS Data Solutions","isPartOf":{"@id":"https:\/\/www.lisdatasolutions.com\/es\/#website"},"datePublished":"2026-01-19T16:13:41+00:00","dateModified":"2026-01-20T10:31:29+00:00","description":"\u00bfNo tienes la producci\u00f3n bajo control? Optimiza procesos, reduce costes y mejora la eficiencia con nuestra consultor\u00eda en planificaci\u00f3n de la producci\u00f3n.","breadcrumb":{"@id":"https:\/\/www.lisdatasolutions.com\/es\/planificacion-produccion\/#breadcrumb"},"inLanguage":"es","potentialAction":[{"@type":"ReadAction","target":["https:\/\/www.lisdatasolutions.com\/es\/planificacion-produccion\/"]}]},{"@type":"BreadcrumbList","@id":"https:\/\/www.lisdatasolutions.com\/es\/planificacion-produccion\/#breadcrumb","itemListElement":[{"@type":"ListItem","position":1,"name":"Portada","item":"https:\/\/www.lisdatasolutions.com\/es\/"},{"@type":"ListItem","position":2,"name":"Consultor\u00eda en Planificaci\u00f3n de la Producci\u00f3n"}]},{"@type":"WebSite","@id":"https:\/\/www.lisdatasolutions.com\/es\/#website","url":"https:\/\/www.lisdatasolutions.com\/es\/","name":"LIS Data Solutions","description":"","potentialAction":[{"@type":"SearchAction","target":{"@type":"EntryPoint","urlTemplate":"https:\/\/www.lisdatasolutions.com\/es\/?s={search_term_string}"},"query-input":"required name=search_term_string"}],"inLanguage":"es"}]}},"_links":{"self":[{"href":"https:\/\/www.lisdatasolutions.com\/es\/wp-json\/wp\/v2\/pages\/10336"}],"collection":[{"href":"https:\/\/www.lisdatasolutions.com\/es\/wp-json\/wp\/v2\/pages"}],"about":[{"href":"https:\/\/www.lisdatasolutions.com\/es\/wp-json\/wp\/v2\/types\/page"}],"author":[{"embeddable":true,"href":"https:\/\/www.lisdatasolutions.com\/es\/wp-json\/wp\/v2\/users\/30"}],"replies":[{"embeddable":true,"href":"https:\/\/www.lisdatasolutions.com\/es\/wp-json\/wp\/v2\/comments?post=10336"}],"version-history":[{"count":58,"href":"https:\/\/www.lisdatasolutions.com\/es\/wp-json\/wp\/v2\/pages\/10336\/revisions"}],"predecessor-version":[{"id":10728,"href":"https:\/\/www.lisdatasolutions.com\/es\/wp-json\/wp\/v2\/pages\/10336\/revisions\/10728"}],"wp:featuredmedia":[{"embeddable":true,"href":"https:\/\/www.lisdatasolutions.com\/es\/wp-json\/wp\/v2\/media\/10703"}],"wp:attachment":[{"href":"https:\/\/www.lisdatasolutions.com\/es\/wp-json\/wp\/v2\/media?parent=10336"}],"curies":[{"name":"wp","href":"https:\/\/api.w.org\/{rel}","templated":true}]}}