{"id":7974,"date":"2022-07-27T09:02:41","date_gmt":"2022-07-27T09:02:41","guid":{"rendered":"https:\/\/www.lisdatasolutions.com\/politica-de-privacidad\/"},"modified":"2023-02-13T13:21:12","modified_gmt":"2023-02-13T13:21:12","slug":"privacy-policy","status":"publish","type":"page","link":"https:\/\/www.lisdatasolutions.com\/en\/privacy-policy\/","title":{"rendered":"Privacy Policy"},"content":{"rendered":"<h1><b>Privacy Policy<\/b><\/h1>\n<p><span style=\"font-weight: 400;\">LIS DATA SOLUTIONS sometimes needs to process personal details. In the following sections we answer some of the questions you may have regarding how such details are processed and the commitments assumed by LIS DATA SOLUTIONS when accessing, storing and using any information that may be gathered.<\/span><\/p>\n<h2><span style=\"font-weight: 400;\">What regulations do we apply when we use personal details to provide our services?<\/span><\/h2>\n<p><span style=\"font-weight: 400;\">For these purposes, our activity is governed by the General Data Protection Regulation (GDPR), which is Regulation (EU) 2016\/679 of the European Parliament and Council, of 27 April 2016, on the protection of natural persons with regard to the processing of personal data and on the free movement of such data, Organic Law 3\/2018, of 5 December, on data protection and the guarantee of digital rights (LOPDGDD) and other applicable Spanish legislation.<\/span><\/p>\n<h2><span style=\"font-weight: 400;\">Who is responsible for the use of your personal details? How can I contact this person?<\/span><\/h2>\n<p><span style=\"font-weight: 400;\">Data controller: LIS Data Solutions S.L.<\/span><\/p>\n<p><span style=\"font-weight: 400;\">Tax ID: B-01507938<\/span><\/p>\n<p><span style=\"font-weight: 400;\">Address: Calle Pintor J. \u00c1ngel S\u00e1ez 16, 01008, Vitoria, \u00c1lava.<\/span><\/p>\n<p><span style=\"font-weight: 400;\">Contact telephone number:\u00a0<\/span><a href=\"tel:%20945065950\"><span style=\"font-weight: 400;\">945065950<\/span><\/a><\/p>\n<p><span style=\"font-weight: 400;\">email:\u00a0<\/span><a href=\"mailto:info@lisdatasolutions.com\"><span style=\"font-weight: 400;\">info@lisdatasolutions.com<\/span><\/a><\/p>\n<p><span style=\"font-weight: 400;\">You can also contact the Data Protection Officer (DPO) at the following email address: legal@lisdatasolutions.com<\/span><\/p>\n<h2><b>When, why, by whom, how, for what purpose and for how long do we use your personal details?<\/b><\/h2>\n<h3><b>When and why?<\/b><\/h3>\n<p><span style=\"font-weight: 400;\">You can browse the LIS DATA SOLUTIONS website without providing any personal information, but in some cases this information is necessary to provide the electronic services you request.<\/span><\/p>\n<p><span style=\"font-weight: 400;\">If we need to obtain personal details to provide the service, we will process the information in accordance with the terms of this policy, which contains specific statements regarding privacy and the use of personal data and informs you why, for what purpose, how and how long we use your personal data and what security measures we apply.<\/span><\/p>\n<h3><b>Who collects the data?<\/b><\/h3>\n<p><span style=\"font-weight: 400;\">Personal details are collected and processed by LIS DATA SOLUTIONS or, where appropriate, its data processors. The data processors are third parties contracted on terms that ensure data are processed in accordance with the law. Under their contracts, these third parties are required to respect the law and implement appropriate security measures to protect said data.<\/span><\/p>\n<h3><b>What for?<\/b><\/h3>\n<p><span style=\"font-weight: 400;\">The personal details we process allow us to provide, manage and improve the services we offer.<\/span><\/p>\n<p><span style=\"font-weight: 400;\">For example, we will use your personal details to deal with any queries you send us, manage your participation in staff recruitment processes or send you notifications electronically if you ask us to do this.<\/span><\/p>\n<p><span style=\"font-weight: 400;\">We only collect the personal details needed to carry out the activity. If you wish to ask for information or make a request regarding the processing of your message and the use of your personal details, please do not hesitate to do so as part of the message.<\/span><\/p>\n<h3><b>Who are our services aimed at?<\/b><\/h3>\n<p><span style=\"font-weight: 400;\">Our services are aimed at persons aged over 14. If, exceptionally, a service aimed specifically at those aged under 14 should be developed and it is necessary to collect their personal details, LIS DATA SOLUTIONS will ask their parents or guardians to agree to their use, except where applicable legislation expressly indicates otherwise.<\/span><\/p>\n<h3><b>How do we use your details?<\/b><\/h3>\n<p><span style=\"font-weight: 400;\">LIS DATA SOLUTIONS collects personal information only to the extent that it is necessary for a specific purpose. The information will not be used for any purpose incompatible with that specified.<\/span><\/p>\n<p><span style=\"font-weight: 400;\">LIS DATA SOLUTIONS only discloses information to third-parties if it is necessary for a service to be provided and it is only disclosed to those who need to know it. These precautions are intended to ensure that the service can be provided using your personal details confidentially, as required by current legislation.<\/span><\/p>\n<p><span style=\"font-weight: 400;\">LIS DATA SOLUTIONS will adopt all necessary security measures to protect your data against possible abuse, unauthorised access, alteration or loss.<\/span><\/p>\n<h3><b>\u00a0How long will we keep your details?<\/b><\/h3>\n<p><span style=\"font-weight: 400;\">LIS DATA SOLUTIONS only keeps data as long as necessary to fulfil the purpose for which they are collected or subsequently processed. The period during which they are kept will depend on the service.<\/span><\/p>\n<h3><b>What rights do you have regarding your personal details?<\/b><\/h3>\n<ul>\n<li style=\"font-weight: 400;\" aria-level=\"1\"><span style=\"font-weight: 400;\">Request access to the information that is stored. You can ask us whether we are processing your details and in what way.<\/span><\/li>\n<li style=\"font-weight: 400;\" aria-level=\"1\"><span style=\"font-weight: 400;\">Ask that they be corrected or deleted. You can ask us to update your personal details if they are incorrect and delete them, if you wish, if they are no longer necessary for processing, if you withdraw your consent, if processing is not legal or if there is a legal obligation to do so. We will analyse the case and proceed in accordance with the law.<\/span><\/li>\n<li style=\"font-weight: 400;\" aria-level=\"1\"><span style=\"font-weight: 400;\">Ask that their use be limited. In this case they will only be kept by LIS DATA SOLUTIONS for the submission of complaints or the formulation of a defence against complaints.<\/span><\/li>\n<li style=\"font-weight: 400;\" aria-level=\"1\"><span style=\"font-weight: 400;\">Oppose processing. If you inform LIS DATA SOLUTIONS that you oppose the processing of your details, it will stop using them in the way you specify, unless it is necessary to continue using them because there is a legal imperative to do so, or for the submission of complaints or the formulation of a defence against complaints.<\/span><\/li>\n<li style=\"font-weight: 400;\" aria-level=\"1\"><span style=\"font-weight: 400;\">Request the portability of your data. If you want your details to be used by another company, LIS DATA SOLUTIONS will assist you in making them available to the new data controller.<\/span><\/li>\n<li style=\"font-weight: 400;\" aria-level=\"1\"><span style=\"font-weight: 400;\">Withdraw the consent you have given. Withdrawal of consent will not affect the legality of the use of your details prior to that withdrawal.<\/span><\/li>\n<\/ul>\n<p><span style=\"font-weight: 400;\">These rights are personal and must therefore be exercised directly by the interested party by means of a request submitted to the owners. This means that any customer, subscriber or associate who has provided their details at any time can address the owners and ask for information about the details they have stored and how they obtained them, ask for details to be corrected, ask for their details to made available in a portable format, oppose their use, limit their use, or ask for them to be deleted.<\/span><\/p>\n<p><span style=\"font-weight: 400;\">To exercise your rights of access, rectification, deletion, portability, limitation and opposition, you can download the forms made available by the AEPD via the following\u00a0<\/span><a href=\"https:\/\/www.aepd.es\/es\/derechos-y-deberes\/conoce-tus-derechos\" rel=\"noopener\"><span style=\"font-weight: 400;\">link<\/span><\/a><span style=\"font-weight: 400;\">. Complete and send them by email to info@lisdatasolutions.com, together with a legally valid proof of your identity, such as a photocopy or scanned image of your identity card or an equivalent document.<\/span><\/p>\n<p><span style=\"font-weight: 400;\">For processing where your consent is requested, you have the right to withdraw your consent at any time by sending an email to\u00a0<\/span><a href=\"mailto:info@lisdatasolutions.com\"><span style=\"font-weight: 400;\">info@lisdatasolutions.com<\/span><\/a><span style=\"font-weight: 400;\">, or contacting lisdatasolutions.com\/contacto\/. Withdrawal of consent will not affect the legality of the use of your details prior to that withdrawal.<\/span><\/p>\n<p><span style=\"font-weight: 400;\">If you need more information on your legal rights and how to exercise them, we recommend you to contact the Spanish Data Protection Agency, which is the relevant authority for this matter.<\/span><\/p>\n<p><span style=\"font-weight: 400;\">You also have the right to submit a complaint to the Spanish Data Protection Agency if you consider that the use of your personal details infringes EU Regulation 2016\/679 or the 2018 Spanish law on data protection and the guarantee of digital rights.<\/span><\/p>\n<h2><span style=\"font-weight: 400;\">Cookies<\/span><\/h2>\n<p><span style=\"font-weight: 400;\">To function correctly this website needs to use cookies, which store information on your internet browser.<\/span><\/p>\n<p><span style=\"font-weight: 400;\">The\u00a0<\/span><a href=\"https:\/\/www.lisdatasolutions.com\/es\/politica-de-cookies\/\"><span style=\"font-weight: 400;\">Cookies Policy<\/span><\/a><span style=\"font-weight: 400;\">\u00a0page gives full information regarding the setting, purpose and use of cookies.<\/span><\/p>\n<h2><span style=\"font-weight: 400;\">Newsletter<\/span><\/h2>\n<p><span style=\"font-weight: 400;\">On the Newsletter Policy page you can find full details of LIS DATA SOLUTIONS\u2019 Newsletter service.<\/span><\/p>\n<p>&nbsp;<\/p>\n","protected":false},"excerpt":{"rendered":"<p>Privacy Policy LIS DATA SOLUTIONS sometimes needs to process personal details. In the following sections we answer some of the questions you may have regarding how such details are processed and the commitments assumed by LIS DATA SOLUTIONS when accessing, storing and using any information that may be gathered. What regulations do we apply when [&hellip;]<\/p>\n","protected":false},"author":21,"featured_media":0,"parent":0,"menu_order":0,"comment_status":"closed","ping_status":"closed","template":"pages-templates\/template-paginas-legales.php","meta":{"inline_featured_image":false,"_monsterinsights_skip_tracking":false,"_monsterinsights_sitenote_active":false,"_monsterinsights_sitenote_note":"","_monsterinsights_sitenote_category":0},"acf":[],"yoast_head":"<!-- This site is optimized with the Yoast SEO plugin v20.1 - https:\/\/yoast.com\/wordpress\/plugins\/seo\/ -->\n<title>Privacy Policy | LIS Data Solutions<\/title>\n<meta name=\"robots\" content=\"noindex, follow\" \/>\n<meta property=\"og:locale\" content=\"en_US\" \/>\n<meta property=\"og:type\" content=\"article\" \/>\n<meta property=\"og:title\" content=\"Privacy Policy | LIS Data Solutions\" \/>\n<meta property=\"og:description\" content=\"Privacy Policy LIS DATA SOLUTIONS sometimes needs to process personal details. In the following sections we answer some of the questions you may have regarding how such details are processed and the commitments assumed by LIS DATA SOLUTIONS when accessing, storing and using any information that may be gathered. What regulations do we apply when [&hellip;]\" \/>\n<meta property=\"og:url\" content=\"https:\/\/www.lisdatasolutions.com\/en\/privacy-policy\/\" \/>\n<meta property=\"og:site_name\" content=\"LIS Data Solutions\" \/>\n<meta property=\"article:modified_time\" content=\"2023-02-13T13:21:12+00:00\" \/>\n<meta name=\"twitter:card\" content=\"summary_large_image\" \/>\n<meta name=\"twitter:label1\" content=\"Est. reading time\" \/>\n\t<meta name=\"twitter:data1\" content=\"6 minutes\" \/>\n<script type=\"application\/ld+json\" class=\"yoast-schema-graph\">{\"@context\":\"https:\/\/schema.org\",\"@graph\":[{\"@type\":\"WebPage\",\"@id\":\"https:\/\/www.lisdatasolutions.com\/en\/privacy-policy\/\",\"url\":\"https:\/\/www.lisdatasolutions.com\/en\/privacy-policy\/\",\"name\":\"Privacy Policy | LIS Data Solutions\",\"isPartOf\":{\"@id\":\"https:\/\/www.lisdatasolutions.com\/en\/#website\"},\"datePublished\":\"2022-07-27T09:02:41+00:00\",\"dateModified\":\"2023-02-13T13:21:12+00:00\",\"breadcrumb\":{\"@id\":\"https:\/\/www.lisdatasolutions.com\/en\/privacy-policy\/#breadcrumb\"},\"inLanguage\":\"en-US\",\"potentialAction\":[{\"@type\":\"ReadAction\",\"target\":[\"https:\/\/www.lisdatasolutions.com\/en\/privacy-policy\/\"]}]},{\"@type\":\"BreadcrumbList\",\"@id\":\"https:\/\/www.lisdatasolutions.com\/en\/privacy-policy\/#breadcrumb\",\"itemListElement\":[{\"@type\":\"ListItem\",\"position\":1,\"name\":\"Portada\",\"item\":\"https:\/\/www.lisdatasolutions.com\/en\/\"},{\"@type\":\"ListItem\",\"position\":2,\"name\":\"Privacy Policy\"}]},{\"@type\":\"WebSite\",\"@id\":\"https:\/\/www.lisdatasolutions.com\/en\/#website\",\"url\":\"https:\/\/www.lisdatasolutions.com\/en\/\",\"name\":\"LIS Data Solutions\",\"description\":\"\",\"potentialAction\":[{\"@type\":\"SearchAction\",\"target\":{\"@type\":\"EntryPoint\",\"urlTemplate\":\"https:\/\/www.lisdatasolutions.com\/en\/?s={search_term_string}\"},\"query-input\":\"required name=search_term_string\"}],\"inLanguage\":\"en-US\"}]}<\/script>\n<!-- \/ Yoast SEO plugin. -->","yoast_head_json":{"title":"Privacy Policy | LIS Data Solutions","robots":{"index":"noindex","follow":"follow"},"og_locale":"en_US","og_type":"article","og_title":"Privacy Policy | LIS Data Solutions","og_description":"Privacy Policy LIS DATA SOLUTIONS sometimes needs to process personal details. In the following sections we answer some of the questions you may have regarding how such details are processed and the commitments assumed by LIS DATA SOLUTIONS when accessing, storing and using any information that may be gathered. What regulations do we apply when [&hellip;]","og_url":"https:\/\/www.lisdatasolutions.com\/en\/privacy-policy\/","og_site_name":"LIS Data Solutions","article_modified_time":"2023-02-13T13:21:12+00:00","twitter_card":"summary_large_image","twitter_misc":{"Est. reading time":"6 minutes"},"schema":{"@context":"https:\/\/schema.org","@graph":[{"@type":"WebPage","@id":"https:\/\/www.lisdatasolutions.com\/en\/privacy-policy\/","url":"https:\/\/www.lisdatasolutions.com\/en\/privacy-policy\/","name":"Privacy Policy | LIS Data Solutions","isPartOf":{"@id":"https:\/\/www.lisdatasolutions.com\/en\/#website"},"datePublished":"2022-07-27T09:02:41+00:00","dateModified":"2023-02-13T13:21:12+00:00","breadcrumb":{"@id":"https:\/\/www.lisdatasolutions.com\/en\/privacy-policy\/#breadcrumb"},"inLanguage":"en-US","potentialAction":[{"@type":"ReadAction","target":["https:\/\/www.lisdatasolutions.com\/en\/privacy-policy\/"]}]},{"@type":"BreadcrumbList","@id":"https:\/\/www.lisdatasolutions.com\/en\/privacy-policy\/#breadcrumb","itemListElement":[{"@type":"ListItem","position":1,"name":"Portada","item":"https:\/\/www.lisdatasolutions.com\/en\/"},{"@type":"ListItem","position":2,"name":"Privacy Policy"}]},{"@type":"WebSite","@id":"https:\/\/www.lisdatasolutions.com\/en\/#website","url":"https:\/\/www.lisdatasolutions.com\/en\/","name":"LIS Data Solutions","description":"","potentialAction":[{"@type":"SearchAction","target":{"@type":"EntryPoint","urlTemplate":"https:\/\/www.lisdatasolutions.com\/en\/?s={search_term_string}"},"query-input":"required name=search_term_string"}],"inLanguage":"en-US"}]}},"_links":{"self":[{"href":"https:\/\/www.lisdatasolutions.com\/en\/wp-json\/wp\/v2\/pages\/7974"}],"collection":[{"href":"https:\/\/www.lisdatasolutions.com\/en\/wp-json\/wp\/v2\/pages"}],"about":[{"href":"https:\/\/www.lisdatasolutions.com\/en\/wp-json\/wp\/v2\/types\/page"}],"author":[{"embeddable":true,"href":"https:\/\/www.lisdatasolutions.com\/en\/wp-json\/wp\/v2\/users\/21"}],"replies":[{"embeddable":true,"href":"https:\/\/www.lisdatasolutions.com\/en\/wp-json\/wp\/v2\/comments?post=7974"}],"version-history":[{"count":1,"href":"https:\/\/www.lisdatasolutions.com\/en\/wp-json\/wp\/v2\/pages\/7974\/revisions"}],"predecessor-version":[{"id":7975,"href":"https:\/\/www.lisdatasolutions.com\/en\/wp-json\/wp\/v2\/pages\/7974\/revisions\/7975"}],"wp:attachment":[{"href":"https:\/\/www.lisdatasolutions.com\/en\/wp-json\/wp\/v2\/media?parent=7974"}],"curies":[{"name":"wp","href":"https:\/\/api.w.org\/{rel}","templated":true}]}}